{"id":31,"date":"2024-06-07T16:52:26","date_gmt":"2024-06-07T14:52:26","guid":{"rendered":"https:\/\/a500.fr\/logement\/?page_id=31"},"modified":"2025-03-12T11:52:20","modified_gmt":"2025-03-12T10:52:20","slug":"liste-logement","status":"publish","type":"page","link":"https:\/\/a500.fr\/logement\/liste-logement\/","title":{"rendered":"Accueil"},"content":{"rendered":"\n<figure class=\"wp-block-pullquote\" style=\"margin-top:0;margin-right:0;margin-bottom:0;margin-left:0;padding-top:var(--wp--preset--spacing--30);padding-bottom:var(--wp--preset--spacing--30)\"><blockquote><p><strong>LOCATIONS DE LOGEMENTS<\/strong><\/p><\/blockquote><\/figure>\n\n\n\n<p>Avec notre site de location de logement vous pouvez r\u00e9server d\u00e8s maintenant votre maison de vacances o\u00f9 louer une habitation (dans ce cas veuillez nous contacter sur la page idoine)<\/p>\n<p>&nbsp;<\/p>\n\n\n\n<h4 style=\"text-align: center;\"><strong>CECI EST UN SITE EXEMPLE DE PRESENTATION. IL N&rsquo;EST PAS FONCTIONNEL, VOUS NE POUVEZ PAS RESERVER ICI.<\/strong><\/h4>\n<p>&nbsp;<\/p>\n\n\n\n<pre class=\"wp-block-code\"><code><\/code><\/pre>\n\n\n\n<div class=\"wp-block-uagb-container uagb-layout-flex uagb-block-70a9576d default uagb-is-root-container\">\n<div data-aos= \"slide-up\" data-aos-duration=\"400\" data-aos-delay=\"0\" data-aos-easing=\"ease\" data-aos-once=\"true\" class=\"wp-block-uagb-container uagb-block-6db2d39a\">\n<p class=\"has-text-align-center\"><strong>Maison Igny 91430<\/strong><\/p>\n\n\n\n<p>Maison meubl\u00e9 de 120 M<sup>2\u00a0<\/sup><\/p>\n<p>3 chambres 2 lits doubles + 1 lit simple \/ 5 personnes<\/p>\n\n\n\n<figure class=\"wp-block-image size-large\"><a href=\"https:\/\/a500.fr\/logement\/58-2\/\"><img loading=\"lazy\" decoding=\"async\" width=\"1024\" height=\"683\" src=\"https:\/\/a500.fr\/logement\/wp-content\/uploads\/2024\/06\/pexels-luis-yanez-57302-206172-1024x683.jpg\" alt=\"\" class=\"wp-image-32\" srcset=\"https:\/\/a500.fr\/logement\/wp-content\/uploads\/2024\/06\/pexels-luis-yanez-57302-206172-1024x683.jpg 1024w, https:\/\/a500.fr\/logement\/wp-content\/uploads\/2024\/06\/pexels-luis-yanez-57302-206172-300x200.jpg 300w, https:\/\/a500.fr\/logement\/wp-content\/uploads\/2024\/06\/pexels-luis-yanez-57302-206172-768x512.jpg 768w, https:\/\/a500.fr\/logement\/wp-content\/uploads\/2024\/06\/pexels-luis-yanez-57302-206172-1536x1024.jpg 1536w, https:\/\/a500.fr\/logement\/wp-content\/uploads\/2024\/06\/pexels-luis-yanez-57302-206172-2048x1365.jpg 2048w\" sizes=\"auto, (max-width: 1024px) 100vw, 1024px\" \/><\/a><\/figure>\n\n\n\n<div data-aos= \"flip-left\" data-aos-duration=\"400\" data-aos-delay=\"0\" data-aos-easing=\"ease\" data-aos-once=\"true\" class=\"wp-block-uagb-buttons uagb-buttons__outer-wrap uagb-btn__default-btn uagb-btn-tablet__default-btn uagb-btn-mobile__default-btn uagb-block-a296ad1a\"><div class=\"uagb-buttons__wrap uagb-buttons-layout-wrap \">\n<div class=\"wp-block-uagb-buttons-child uagb-buttons__outer-wrap uagb-block-63faf68c wp-block-button\"><div class=\"uagb-button__wrapper\"><a class=\"uagb-buttons-repeater wp-block-button__link\" aria-label=\"\" href=\"https:\/\/a500.fr\/logement\/58-2\/\" rel=\"follow noopener\" target=\"_self\" role=\"button\"><div class=\"uagb-button__link\">En savoir plus<\/div><\/a><\/div><\/div>\n<\/div><\/div>\n<\/div>\n\n\n\n<div data-aos= \"slide-up\" data-aos-duration=\"400\" data-aos-delay=\"0\" data-aos-easing=\"ease\" data-aos-once=\"true\" class=\"wp-block-uagb-container uagb-layout-flex uagb-block-965428b9\">\n<p class=\"has-text-align-center\"><strong>Maison Joigny 89300<\/strong><\/p>\n\n\n\n<p>Maison meubl\u00e9 de 150 M<sup>2&nbsp;<\/sup><\/p>\n<p>4 chambres 3 lits doubles + 1 lit simple \/ 7 personnes<\/p>\n\n\n\n<figure class=\"wp-block-image size-large\"><a href=\"https:\/\/a500.fr\/logement\/85-2\/\"><img loading=\"lazy\" decoding=\"async\" width=\"1024\" height=\"682\" src=\"https:\/\/a500.fr\/logement\/wp-content\/uploads\/2024\/06\/pexels-pixabay-259588-1024x682.jpg\" alt=\"\" class=\"wp-image-33\" srcset=\"https:\/\/a500.fr\/logement\/wp-content\/uploads\/2024\/06\/pexels-pixabay-259588-1024x682.jpg 1024w, https:\/\/a500.fr\/logement\/wp-content\/uploads\/2024\/06\/pexels-pixabay-259588-300x200.jpg 300w, https:\/\/a500.fr\/logement\/wp-content\/uploads\/2024\/06\/pexels-pixabay-259588-768x511.jpg 768w, https:\/\/a500.fr\/logement\/wp-content\/uploads\/2024\/06\/pexels-pixabay-259588-1536x1023.jpg 1536w, https:\/\/a500.fr\/logement\/wp-content\/uploads\/2024\/06\/pexels-pixabay-259588-2048x1364.jpg 2048w\" sizes=\"auto, (max-width: 1024px) 100vw, 1024px\" \/><\/a><\/figure>\n\n\n\n<div data-aos= \"flip-right\" data-aos-duration=\"400\" data-aos-delay=\"0\" data-aos-easing=\"ease\" data-aos-once=\"true\" class=\"wp-block-uagb-buttons uagb-buttons__outer-wrap uagb-btn__default-btn uagb-btn-tablet__default-btn uagb-btn-mobile__default-btn uagb-block-7df75cf7\"><div class=\"uagb-buttons__wrap uagb-buttons-layout-wrap \">\n<div class=\"wp-block-uagb-buttons-child uagb-buttons__outer-wrap uagb-block-7086910f wp-block-button\"><div class=\"uagb-button__wrapper\"><a class=\"uagb-buttons-repeater wp-block-button__link\" aria-label=\"\" href=\"https:\/\/a500.fr\/logement\/85-2\/\" rel=\"follow noopener\" target=\"_self\" role=\"button\"><div class=\"uagb-button__link\">En savoir plus<\/div><\/a><\/div><\/div>\n<\/div><\/div>\n<\/div>\n\n\n\n<div data-aos= \"flip-left\" data-aos-duration=\"400\" data-aos-delay=\"0\" data-aos-easing=\"ease\" data-aos-once=\"true\" class=\"wp-block-uagb-container uagb-layout-flex uagb-block-bebdee4b\">\n<p class=\"has-text-align-center\"><strong>Maison Lille 59000<\/strong><\/p>\n\n\n\n<p>Maison meubl\u00e9 de 100 M<sup>2&nbsp;<\/sup><\/p>\n<p>2 chambres 2 lits doubles&nbsp; \/&nbsp; 4 personnes<\/p>\n\n\n\n<figure class=\"wp-block-image size-full\"><a href=\"https:\/\/a500.fr\/logement\/lille\/\"><img loading=\"lazy\" decoding=\"async\" width=\"640\" height=\"425\" src=\"https:\/\/a500.fr\/logement\/wp-content\/uploads\/2024\/06\/scott-webb-1ddol8rgUH8-unsplash.jpg\" alt=\"\" class=\"wp-image-34\" srcset=\"https:\/\/a500.fr\/logement\/wp-content\/uploads\/2024\/06\/scott-webb-1ddol8rgUH8-unsplash.jpg 640w, https:\/\/a500.fr\/logement\/wp-content\/uploads\/2024\/06\/scott-webb-1ddol8rgUH8-unsplash-300x199.jpg 300w\" sizes=\"auto, (max-width: 640px) 100vw, 640px\" \/><\/a><\/figure>\n\n\n\n<div class=\"wp-block-uagb-buttons uagb-buttons__outer-wrap uagb-btn__default-btn uagb-btn-tablet__default-btn uagb-btn-mobile__default-btn uagb-block-b0cd0731\"><div class=\"uagb-buttons__wrap uagb-buttons-layout-wrap \">\n<div data-aos= \"flip-down\" data-aos-duration=\"400\" data-aos-delay=\"0\" data-aos-easing=\"ease\" data-aos-once=\"true\" class=\"wp-block-uagb-buttons-child uagb-buttons__outer-wrap uagb-block-0654d1d4 wp-block-button\"><div class=\"uagb-button__wrapper\"><a class=\"uagb-buttons-repeater wp-block-button__link\" aria-label=\"\" href=\"https:\/\/a500.fr\/logement\/lille\/\" rel=\"follow noopener\" target=\"_self\" role=\"button\"><div class=\"uagb-button__link\">En savoir plus<\/div><\/a><\/div><\/div>\n<\/div><\/div>\n<\/div>\n\n\n\n<div data-aos= \"flip-right\" data-aos-duration=\"400\" data-aos-delay=\"0\" data-aos-easing=\"ease\" data-aos-once=\"true\" class=\"wp-block-uagb-container uagb-block-4b7fdabd\">\n<p class=\"has-text-align-center\"><strong>Maison Montpellier 34000<\/strong><\/p>\n\n\n\n<p>Maison meubl\u00e9 de 170 M<sup>2\u00a0<\/sup><\/p>\n<p>6 chambres 2 lits doubles + 2 lit simple \/ 6 personnes<\/p>\n\n\n\n<figure class=\"wp-block-image size-large\"><a href=\"https:\/\/a500.fr\/logement\/montpellier\/\"><img loading=\"lazy\" decoding=\"async\" width=\"1024\" height=\"698\" src=\"https:\/\/a500.fr\/logement\/wp-content\/uploads\/2024\/06\/pexels-binyaminmellish-186077-1-1024x698.jpg\" alt=\"\" class=\"wp-image-24\" srcset=\"https:\/\/a500.fr\/logement\/wp-content\/uploads\/2024\/06\/pexels-binyaminmellish-186077-1-1024x698.jpg 1024w, https:\/\/a500.fr\/logement\/wp-content\/uploads\/2024\/06\/pexels-binyaminmellish-186077-1-300x205.jpg 300w, https:\/\/a500.fr\/logement\/wp-content\/uploads\/2024\/06\/pexels-binyaminmellish-186077-1-768x524.jpg 768w, https:\/\/a500.fr\/logement\/wp-content\/uploads\/2024\/06\/pexels-binyaminmellish-186077-1-1536x1048.jpg 1536w, https:\/\/a500.fr\/logement\/wp-content\/uploads\/2024\/06\/pexels-binyaminmellish-186077-1-2048x1397.jpg 2048w\" sizes=\"auto, (max-width: 1024px) 100vw, 1024px\" \/><\/a><\/figure>\n\n\n\n<div class=\"wp-block-uagb-buttons uagb-buttons__outer-wrap uagb-btn__default-btn uagb-btn-tablet__default-btn uagb-btn-mobile__default-btn uagb-block-c68937f2\"><div class=\"uagb-buttons__wrap uagb-buttons-layout-wrap \">\n<div data-aos= \"flip-up\" data-aos-duration=\"400\" data-aos-delay=\"0\" data-aos-easing=\"ease\" data-aos-once=\"true\" class=\"wp-block-uagb-buttons-child uagb-buttons__outer-wrap uagb-block-6e3c7e7d wp-block-button\"><div class=\"uagb-button__wrapper\"><a class=\"uagb-buttons-repeater wp-block-button__link\" aria-label=\"\" href=\"https:\/\/a500.fr\/logement\/montpellier\/\" rel=\"follow noopener\" target=\"_self\" role=\"button\"><div class=\"uagb-button__link\">En savoir plus<\/div><\/a><\/div><\/div>\n<\/div><\/div>\n<\/div>\n<\/div>\n\n\n<div id=\"calendar-container\" class=\"container mt-4\"><table class=\"table table-bordered\"><thead><tr><th colspan=\"7\" class=\"text-center\"><a href=\"#\" class=\"btn btn-secondary nav-arrow\" data-year=\"2026\" data-month=\"3\">&larr;<\/a> April 2026 <a href=\"#\" class=\"btn btn-secondary nav-arrow\" data-year=\"2026\" data-month=\"5\">&rarr;<\/a><\/th><\/tr><\/thead><tbody><tr><th>Lundi<\/th><th>Mardi<\/th><th>Mercredi<\/th><th>Jeudi<\/th><th>Vendredi<\/th><th>Samedi<\/th><th>Dimanche<\/th><\/tr><tr><td><\/td><td><\/td><td><a href=\"#\" class=\"day-link\" data-year=\"2026\" data-month=\"04\" data-day=\"1\">1<\/a><\/td><td><a href=\"#\" class=\"day-link\" data-year=\"2026\" data-month=\"04\" data-day=\"2\">2<\/a><\/td><td><a href=\"#\" class=\"day-link\" data-year=\"2026\" data-month=\"04\" data-day=\"3\">3<\/a><\/td><td><a href=\"#\" class=\"day-link\" data-year=\"2026\" data-month=\"04\" data-day=\"4\">4<\/a><\/td><td><a href=\"#\" class=\"day-link\" data-year=\"2026\" data-month=\"04\" data-day=\"5\">5<\/a><\/td><\/tr><tr><td><a href=\"#\" class=\"day-link\" data-year=\"2026\" data-month=\"04\" data-day=\"6\">6<\/a><\/td><td><a href=\"#\" class=\"day-link\" data-year=\"2026\" data-month=\"04\" data-day=\"7\">7<\/a><\/td><td><a href=\"#\" class=\"day-link\" data-year=\"2026\" data-month=\"04\" data-day=\"8\">8<\/a><\/td><td><a href=\"#\" class=\"day-link\" data-year=\"2026\" data-month=\"04\" data-day=\"9\">9<\/a><\/td><td><a href=\"#\" class=\"day-link\" data-year=\"2026\" data-month=\"04\" data-day=\"10\">10<\/a><\/td><td><a href=\"#\" class=\"day-link\" data-year=\"2026\" data-month=\"04\" data-day=\"11\">11<\/a><\/td><td><a href=\"#\" class=\"day-link\" data-year=\"2026\" data-month=\"04\" data-day=\"12\">12<\/a><\/td><\/tr><tr><td><a href=\"#\" class=\"day-link\" data-year=\"2026\" data-month=\"04\" data-day=\"13\">13<\/a><\/td><td><a href=\"#\" class=\"day-link\" data-year=\"2026\" data-month=\"04\" data-day=\"14\">14<\/a><\/td><td><a href=\"#\" class=\"day-link\" data-year=\"2026\" data-month=\"04\" data-day=\"15\">15<\/a><\/td><td><a href=\"#\" class=\"day-link\" data-year=\"2026\" data-month=\"04\" data-day=\"16\">16<\/a><\/td><td><a href=\"#\" class=\"day-link\" data-year=\"2026\" data-month=\"04\" data-day=\"17\">17<\/a><\/td><td><a href=\"#\" class=\"day-link\" data-year=\"2026\" data-month=\"04\" data-day=\"18\">18<\/a><\/td><td><a href=\"#\" class=\"day-link\" data-year=\"2026\" data-month=\"04\" data-day=\"19\">19<\/a><\/td><\/tr><tr><td><a href=\"#\" class=\"day-link\" data-year=\"2026\" data-month=\"04\" data-day=\"20\">20<\/a><\/td><td><a href=\"#\" class=\"day-link\" data-year=\"2026\" data-month=\"04\" data-day=\"21\">21<\/a><\/td><td><a href=\"#\" class=\"day-link\" data-year=\"2026\" data-month=\"04\" data-day=\"22\">22<\/a><\/td><td><a href=\"#\" class=\"day-link\" data-year=\"2026\" data-month=\"04\" data-day=\"23\">23<\/a><\/td><td><a href=\"#\" class=\"day-link\" data-year=\"2026\" data-month=\"04\" data-day=\"24\">24<\/a><\/td><td><a href=\"#\" class=\"day-link\" data-year=\"2026\" data-month=\"04\" data-day=\"25\">25<\/a><\/td><td><a href=\"#\" class=\"day-link\" data-year=\"2026\" data-month=\"04\" data-day=\"26\">26<\/a><\/td><\/tr><tr><td><a href=\"#\" class=\"day-link\" data-year=\"2026\" data-month=\"04\" data-day=\"27\">27<\/a><\/td><td><a href=\"#\" class=\"day-link\" data-year=\"2026\" data-month=\"04\" data-day=\"28\">28<\/a><\/td><td><a href=\"#\" class=\"day-link\" data-year=\"2026\" data-month=\"04\" data-day=\"29\">29<\/a><\/td><td><a href=\"#\" class=\"day-link\" data-year=\"2026\" data-month=\"04\" data-day=\"30\">30<\/a><\/td><td><\/td><td><\/td><td><\/td><\/tr><\/tbody><\/table><\/div>\n\n\n\n","protected":false},"excerpt":{"rendered":"<p>LOCATIONS DE LOGEMENTS Avec notre site de location de logement vous pouvez r\u00e9server d\u00e8s maintenant votre maison de vacances o\u00f9 louer une habitation (dans ce cas veuillez nous contacter sur la page idoine) &nbsp; CECI EST UN SITE EXEMPLE DE PRESENTATION. IL N&rsquo;EST PAS FONCTIONNEL, VOUS NE POUVEZ PAS RESERVER ICI. &nbsp; Maison Igny 91430 [&hellip;]<\/p>\n","protected":false},"author":1,"featured_media":0,"parent":0,"menu_order":0,"comment_status":"closed","ping_status":"closed","template":"","meta":{"_uag_custom_page_level_css":"","footnotes":""},"class_list":["post-31","page","type-page","status-publish","hentry"],"uagb_featured_image_src":{"full":false,"thumbnail":false,"medium":false,"medium_large":false,"large":false,"1536x1536":false,"2048x2048":false},"uagb_author_info":{"display_name":"votresocieteonline","author_link":"https:\/\/a500.fr\/logement\/author\/votresocieteonline\/"},"uagb_comment_info":0,"uagb_excerpt":"LOCATIONS DE LOGEMENTS Avec notre site de location de logement vous pouvez r\u00e9server d\u00e8s maintenant votre maison de vacances o\u00f9 louer une habitation (dans ce cas veuillez nous contacter sur la page idoine) &nbsp; CECI EST UN SITE EXEMPLE DE PRESENTATION. IL N&rsquo;EST PAS FONCTIONNEL, VOUS NE POUVEZ PAS RESERVER ICI. &nbsp; Maison Igny 91430\u2026","_links":{"self":[{"href":"https:\/\/a500.fr\/logement\/wp-json\/wp\/v2\/pages\/31","targetHints":{"allow":["GET"]}}],"collection":[{"href":"https:\/\/a500.fr\/logement\/wp-json\/wp\/v2\/pages"}],"about":[{"href":"https:\/\/a500.fr\/logement\/wp-json\/wp\/v2\/types\/page"}],"author":[{"embeddable":true,"href":"https:\/\/a500.fr\/logement\/wp-json\/wp\/v2\/users\/1"}],"replies":[{"embeddable":true,"href":"https:\/\/a500.fr\/logement\/wp-json\/wp\/v2\/comments?post=31"}],"version-history":[{"count":52,"href":"https:\/\/a500.fr\/logement\/wp-json\/wp\/v2\/pages\/31\/revisions"}],"predecessor-version":[{"id":240,"href":"https:\/\/a500.fr\/logement\/wp-json\/wp\/v2\/pages\/31\/revisions\/240"}],"wp:attachment":[{"href":"https:\/\/a500.fr\/logement\/wp-json\/wp\/v2\/media?parent=31"}],"curies":[{"name":"wp","href":"https:\/\/api.w.org\/{rel}","templated":true}]}}